{"id":37,"date":"2026-05-15T18:53:54","date_gmt":"2026-05-15T18:53:54","guid":{"rendered":"https:\/\/apartments-a7.de\/?page_id=37"},"modified":"2026-05-16T22:23:54","modified_gmt":"2026-05-16T20:23:54","slug":"home","status":"publish","type":"page","link":"https:\/\/apartments-a7.de\/","title":{"rendered":"Home"},"content":{"rendered":"\t\t<div data-elementor-type=\"wp-page\" data-elementor-id=\"37\" class=\"elementor elementor-37\" data-elementor-post-type=\"page\">\n\t\t\t\t<div class=\"elementor-element elementor-element-1dec45a e-con-full e-flex e-con e-parent\" data-id=\"1dec45a\" data-element_type=\"container\" data-e-type=\"container\">\n\t\t\t\t<div class=\"elementor-element elementor-element-f5314b9 elementor-widget elementor-widget-slider_revolution\" data-id=\"f5314b9\" data-element_type=\"widget\" data-e-type=\"widget\" data-widget_type=\"slider_revolution.default\">\n\t\t\t\t\t\n\t\t<div class=\"wp-block-themepunch-revslider\">\n\t\t\t\t<p class=\"rs-p-wp-fix\"><\/p>\n\t\t\t\t<sr7-module data-alias=\"home1\" data-id=\"6\" id=\"SR7_6_1\" class=\"rs-ov-hidden\" data-version=\"6.7.54\">\n\t\t\t\t\t<sr7-adjuster><\/sr7-adjuster>\n\t\t\t\t\t<sr7-content>\n\t\t\t\t\t\t<sr7-slide id=\"SR7_6_1-11\" data-key=\"11\">\n\t\t\t\t\t\t\t<sr7-bg id=\"SR7_6_1-11-12\" class=\"sr7-layer\"><noscript><img decoding=\"async\" src=\"https:\/\/apartments-a7.de\/wp-content\/uploads\/revslider\/home1\/parallax18.jpg\" alt=\"\" title=\"parallax18.jpg\"><\/noscript><\/sr7-bg>\n\t\t\t\t\t\t\t<h1 id=\"SR7_6_1-11-2\" class=\"sr7-layer\">ENJOY A LUXURY <\/br>\nEXPERIENCE<\/h1>\n\t\t\t\t\t\t\t<p id=\"SR7_6_1-11-3\" class=\"sr7-layer\">LUXURY HOTEL & BEST RESORT<\/p>\n\t\t\t\t\t\t\t<sr7-txt id=\"SR7_6_1-11-6\" class=\"sr7-layer\">ROOMS E SUITES<\/sr7-txt>\n\t\t\t\t\t\t<\/sr7-slide>\n\t\t\t\t\t\t<sr7-slide id=\"SR7_6_1-12\" data-key=\"12\">\n\t\t\t\t\t\t\t<sr7-bg id=\"SR7_6_1-12-12\" class=\"sr7-layer\"><noscript><img decoding=\"async\" src=\"https:\/\/apartments-a7.de\/wp-content\/uploads\/revslider\/home1\/parallax16.jpg\" alt=\"\" title=\"parallax16.jpg\"><\/noscript><\/sr7-bg>\n\t\t\t\t\t\t\t<h1 id=\"SR7_6_1-12-2\" class=\"sr7-layer\">ENJOY A LUXURY <\/br>\nEXPERIENCE<\/h1>\n\t\t\t\t\t\t\t<p id=\"SR7_6_1-12-3\" class=\"sr7-layer\">LUXURY HOTEL & BEST RESORT<\/p>\n\t\t\t\t\t\t\t<sr7-txt id=\"SR7_6_1-12-6\" class=\"sr7-layer\">ROOMS E SUITES<\/sr7-txt>\n\t\t\t\t\t\t<\/sr7-slide>\n\t\t\t\t\t\t<sr7-slide id=\"SR7_6_1-13\" data-key=\"13\">\n\t\t\t\t\t\t<\/sr7-slide>\n\t\t\t\t\t<\/sr7-content>\n\t\t\t\t\t<image_lists style=\"display:none\">\n\t\t\t\t\t\t<img data-src=\"\/\/apartments-a7.de\/wp-content\/uploads\/revslider\/home1\/parallax18.jpg\" data-libid=\"70\" data-lib=\"medialibrary\" title=\"parallax18.jpg\" width=\"0\" height=\"0\" data-dbsrc=\"Ly9hcGFydG1lbnRzLWE3LmRlL3dwLWNvbnRlbnQvdXBsb2Fkcy9yZXZzbGlkZXIvaG9tZTEvcGFyYWxsYXgxOC5qcGc=\"\/>\n\t\t\t\t\t\t<img data-src=\"\/\/apartments-a7.de\/wp-content\/uploads\/revslider\/home1\/parallax16.jpg\" data-libid=\"71\" data-lib=\"medialibrary\" title=\"parallax16.jpg\" width=\"0\" height=\"0\" data-dbsrc=\"Ly9hcGFydG1lbnRzLWE3LmRlL3dwLWNvbnRlbnQvdXBsb2Fkcy9yZXZzbGlkZXIvaG9tZTEvcGFyYWxsYXgxNi5qcGc=\"\/>\n\t\t\t\t\t<\/image_lists>\n\t\t\t\t<\/sr7-module>\n\t\t\t\t<script>\n\t\t\t\t\twindow.SR7 ??={};SR7.PMH ??={}; SR7.PMH[\"SR7_6_1\"] = {cn:100,state:false,fn: function() { if (window._tpt!==undefined && window._tpt.prepareModuleHeight !== undefined) {  _tpt.prepareModuleHeight({id:\"SR7_6_1\",el:[786,786,768,960,720],type:'standard',shdw:'0',gh:[786,786,768,960,720],gw:[1240,1240,1024,778,480],vpt:['-200px&#039;,&#039;-200px&#039;,&#039;-200px&#039;,&#039;-200px&#039;,&#039;-200px'],size:{fullWidth:true, fullHeight:true},fho:',128px',mh:'600px',onh:0,onw:0,bg:{color:'{\"type\":\"solid\",\"orig\":\"#1c1c1c\",\"string\":\"rgba(28, 28, 28, 1)\"}'},plType:'-1',plColor:'#FFFFFF'});   SR7.PMH[\"SR7_6_1\"].state=true;} else if(SR7.PMH[\"SR7_6_1\"].cn-->0)\tsetTimeout( SR7.PMH[\"SR7_6_1\"].fn,19);}};SR7.PMH[\"SR7_6_1\" ].fn();\n\t\t\t\t<\/script>\n<\/div>\n\n\t\t\t\t\t\t<\/div>\n\t\t\t\t<div class=\"elementor-element elementor-element-6c1d348 elementor-widget elementor-widget-html\" data-id=\"6c1d348\" data-element_type=\"widget\" data-e-type=\"widget\" data-widget_type=\"html.default\">\n\t\t\t\t\t<!-- Apartments A7 \/ Viato CBE Luxury Quickbooker -->\r\n<section class=\"a7-quickbooker-wrap\">\r\n  <form id=\"viatoCbeQuick\" class=\"a7-quickbooker\" method=\"GET\" action=\"\/buchung\/\">\r\n\r\n    <div class=\"a7-qb-head\">\r\n      <div class=\"a7-qb-title\">Verf\u00fcgbarkeit <em>pr\u00fcfen<\/em><\/div>\r\n      <div class=\"a7-qb-system\">Viato Buchungssystem<\/div>\r\n    <\/div>\r\n\r\n    <div class=\"a7-qb-body\">\r\n\r\n      <div class=\"a7-qb-field\">\r\n        <label for=\"arrival\">Anreise<\/label>\r\n        <input id=\"arrival\" type=\"text\" name=\"arrival\" placeholder=\"TT.MM.JJJJ\" autocomplete=\"off\">\r\n      <\/div>\r\n\r\n      <div class=\"a7-qb-field\">\r\n        <label for=\"departure\">Abreise<\/label>\r\n        <input id=\"departure\" type=\"text\" name=\"departure\" placeholder=\"TT.MM.JJJJ\" autocomplete=\"off\">\r\n      <\/div>\r\n\r\n      <div class=\"a7-qb-field\">\r\n        <label for=\"oc\">Personen<\/label>\r\n        <select id=\"oc\" name=\"oc\">\r\n          <option value=\"1\">1 Person<\/option>\r\n          <option value=\"2\" selected>2 Personen<\/option>\r\n          <option value=\"3\">3 Personen<\/option>\r\n          <option value=\"4\">4 Personen<\/option>\r\n        <\/select>\r\n      <\/div>\r\n\r\n      <div class=\"a7-qb-field\">\r\n        <label for=\"ro\">Zimmertyp<\/label>\r\n        <select id=\"ro\" name=\"ro\">\r\n          <option value=\"\">Alle Kategorien<\/option>\r\n          <option value=\"HIER_ZIMMER_ID_EINZEL_STANDARD\">Einzelzimmer Standard<\/option>\r\n          <option value=\"HIER_ZIMMER_ID_DOPPEL_STANDARD\">Doppelzimmer Standard<\/option>\r\n          <option value=\"HIER_ZIMMER_ID_EINZEL_BUSINESS\">Einzelzimmer Business<\/option>\r\n          <option value=\"HIER_ZIMMER_ID_DOPPEL_BUSINESS\">Doppelzimmer Business<\/option>\r\n          <option value=\"HIER_ZIMMER_ID_DELUXE_DOPPEL\">Deluxe Doppelzimmer<\/option>\r\n          <option value=\"HIER_ZIMMER_ID_MEHRZIMMER\">Mehrzimmer-Apartments<\/option>\r\n        <\/select>\r\n      <\/div>\r\n\r\n      <input type=\"hidden\" name=\"lng\" value=\"de\">\r\n\r\n      <button type=\"submit\" class=\"a7-qb-button\">\r\n        Verf\u00fcgbarkeit pr\u00fcfen\r\n      <\/button>\r\n\r\n    <\/div>\r\n\r\n    <div class=\"a7-qb-footer\">\r\n      <span>Kostenlose Stornierung<\/span>\r\n      <span>Bestpreisgarantie<\/span>\r\n    <\/div>\r\n\r\n  <\/form>\r\n<\/section>\r\n\r\n<style>\r\n.a7-quickbooker-wrap {\r\n  position: relative;\r\n  z-index: 1;\r\n  max-width: 1180px;\r\n  margin: -72px auto 64px auto;\r\n  padding: 0 24px;\r\n}\r\n\r\n.a7-quickbooker {\r\n  background: #ffffff;\r\n  border-top: 4px solid #2A2D30;\r\n  box-shadow: 0 14px 42px rgba(0,0,0,0.10);\r\n  font-family: Montserrat, sans-serif;\r\n}\r\n\r\n.a7-qb-head {\r\n  display: flex;\r\n  align-items: center;\r\n  justify-content: space-between;\r\n  background: #2A2D30;\r\n  padding: 18px 32px;\r\n}\r\n\r\n.a7-qb-title {\r\n  font-family: \"Cormorant Garamond\", serif;\r\n  font-size: 28px;\r\n  font-weight: 400;\r\n  color: #ffffff;\r\n  line-height: 1.1;\r\n}\r\n\r\n.a7-qb-title em {\r\n  color: #D4AE78;\r\n  font-style: italic;\r\n}\r\n\r\n.a7-qb-system {\r\n  font-size: 11px;\r\n  font-weight: 500;\r\n  letter-spacing: 3px;\r\n  text-transform: uppercase;\r\n  color: rgba(255,255,255,0.55);\r\n}\r\n\r\n.a7-qb-body {\r\n  display: grid;\r\n  grid-template-columns: 1fr 1fr 0.85fr 1.2fr auto;\r\n  gap: 24px;\r\n  align-items: end;\r\n  padding: 28px 32px 22px 32px;\r\n}\r\n\r\n.a7-qb-field {\r\n  display: flex;\r\n  flex-direction: column;\r\n  gap: 10px;\r\n}\r\n\r\n.a7-qb-field label {\r\n  font-size: 10px;\r\n  font-weight: 500;\r\n  letter-spacing: 3px;\r\n  text-transform: uppercase;\r\n  color: #D4581A;\r\n}\r\n\r\n.a7-qb-field input,\r\n.a7-qb-field select {\r\n  width: 100%;\r\n  min-height: 38px;\r\n  border: none;\r\n  border-bottom: 1px solid rgba(212,88,26,0.22);\r\n  background: transparent;\r\n  padding: 4px 0 9px 0;\r\n  font-family: Montserrat, sans-serif;\r\n  font-size: 15px;\r\n  font-weight: 300;\r\n  color: #1A1C1E;\r\n  outline: none;\r\n  border-radius: 0;\r\n}\r\n\r\n.a7-qb-field input::placeholder {\r\n  color: rgba(26,28,30,0.35);\r\n}\r\n\r\n.a7-qb-field input:focus,\r\n.a7-qb-field select:focus {\r\n  border-bottom-color: #D4581A;\r\n}\r\n\r\n.a7-qb-button {\r\n  height: 52px;\r\n  padding: 0 28px;\r\n  border: none;\r\n  background: #D4581A;\r\n  color: #ffffff;\r\n  font-family: Montserrat, sans-serif;\r\n  font-size: 10px;\r\n  font-weight: 600;\r\n  letter-spacing: 2px;\r\n  text-transform: uppercase;\r\n  cursor: pointer;\r\n  transition: all .25s ease;\r\n  white-space: nowrap;\r\n  border-radius: 0;\r\n}\r\n\r\n.a7-qb-button:hover {\r\n  background: #E8794A;\r\n  transform: translateY(-1px);\r\n}\r\n\r\n.a7-qb-footer {\r\n  display: flex;\r\n  gap: 24px;\r\n  padding: 0 32px 24px 32px;\r\n  font-size: 12px;\r\n  color: rgba(92,97,102,0.75);\r\n}\r\n\r\n.a7-qb-footer span::before {\r\n  content: \"\u25c6\";\r\n  color: #D4581A;\r\n  font-size: 8px;\r\n  margin-right: 8px;\r\n}\r\n\r\n@media (max-width: 1200px) {\r\n  .a7-qb-body {\r\n    grid-template-columns: 1fr 1fr;\r\n  }\r\n\r\n  .a7-qb-button {\r\n    width: 100%;\r\n  }\r\n}\r\n\r\n@media (max-width: 767px) {\r\n\r\n  .a7-quickbooker-wrap {\r\n    margin: 24px auto 52px auto;\r\n    padding: 0 18px;\r\n  }\r\n\r\n  .a7-qb-head {\r\n    flex-direction: column;\r\n    align-items: flex-start;\r\n    gap: 8px;\r\n    padding: 22px 20px;\r\n  }\r\n\r\n  .a7-qb-title {\r\n    font-size: 28px;\r\n  }\r\n\r\n  .a7-qb-system {\r\n    font-size: 10px;\r\n    letter-spacing: 2.5px;\r\n  }\r\n\r\n  .a7-qb-body {\r\n    grid-template-columns: 1fr;\r\n    gap: 22px;\r\n    padding: 26px 20px 24px 20px;\r\n  }\r\n\r\n  .a7-qb-button {\r\n    width: 100%;\r\n  }\r\n\r\n  .a7-qb-footer {\r\n    flex-direction: column;\r\n    gap: 8px;\r\n    padding: 0 20px 26px 20px;\r\n  }\r\n\r\n}\r\n<\/style>\t\t\t\t<\/div>\n\t\t<div class=\"elementor-element elementor-element-832e924 e-flex e-con-boxed e-con e-child\" data-id=\"832e924\" data-element_type=\"container\" data-e-type=\"container\" data-settings=\"{&quot;background_background&quot;:&quot;classic&quot;}\">\n\t\t\t\t\t<div class=\"e-con-inner\">\n\t\t<div class=\"elementor-element elementor-element-5c0b7b1 e-con-full e-flex e-con e-child\" data-id=\"5c0b7b1\" data-element_type=\"container\" data-e-type=\"container\">\n\t\t<div class=\"elementor-element elementor-element-80ac765 e-con-full e-flex e-con e-child\" data-id=\"80ac765\" data-element_type=\"container\" data-e-type=\"container\">\n\t\t\t\t<div class=\"elementor-element elementor-element-a3fd6b2 elementor--h-position-left elementor--v-position-bottom elementor-arrows-position-inside elementor-pagination-position-inside elementor-widget elementor-widget-slides\" data-id=\"a3fd6b2\" data-element_type=\"widget\" data-e-type=\"widget\" data-settings=\"{&quot;transition&quot;:&quot;fade&quot;,&quot;transition_speed&quot;:700,&quot;navigation&quot;:&quot;both&quot;,&quot;autoplay&quot;:&quot;yes&quot;,&quot;pause_on_hover&quot;:&quot;yes&quot;,&quot;pause_on_interaction&quot;:&quot;yes&quot;,&quot;autoplay_speed&quot;:5000,&quot;infinite&quot;:&quot;yes&quot;}\" data-widget_type=\"slides.default\">\n\t\t\t\t\t\t\t\t\t\t<div class=\"elementor-slides-wrapper elementor-main-swiper swiper\" role=\"region\" aria-roledescription=\"carousel\" aria-label=\"Slider\" dir=\"ltr\" data-animation=\"\">\n\t\t\t\t<div class=\"swiper-wrapper elementor-slides\">\n\t\t\t\t\t\t\t\t\t\t<div class=\"elementor-repeater-item-0fcd403 swiper-slide\" role=\"group\" aria-roledescription=\"slide\"><div class=\"swiper-slide-bg elementor-ken-burns elementor-ken-burns--in\" role=\"img\" aria-label=\"standard_einzelzimmer_02\"><\/div><div class=\"elementor-background-overlay\"><\/div><div class=\"swiper-slide-inner\" ><div class=\"swiper-slide-contents\"><div class=\"elementor-slide-heading\">Einzelzimmer<\/div><div class=\"elementor-slide-description\">Standard | Business<\/div><\/div><\/div><\/div><div class=\"elementor-repeater-item-b4bd37f swiper-slide\" role=\"group\" aria-roledescription=\"slide\"><div class=\"swiper-slide-bg elementor-ken-burns elementor-ken-burns--in\" role=\"img\" aria-label=\"standard_doppelzimmer_01\"><\/div><div class=\"elementor-background-overlay\"><\/div><div class=\"swiper-slide-inner\" ><div class=\"swiper-slide-contents\"><div class=\"elementor-slide-heading\">Doppelzimmer<\/div><div class=\"elementor-slide-description\">Standard | Business<\/div><\/div><\/div><\/div><div class=\"elementor-repeater-item-06842c4 swiper-slide\" role=\"group\" aria-roledescription=\"slide\"><div class=\"swiper-slide-bg\" role=\"img\" aria-label=\"deluxe_doppelzimmer_01\"><\/div><div class=\"swiper-slide-inner\" ><div class=\"swiper-slide-contents\"><div class=\"elementor-slide-heading\">Deluxe Doppelzimmer<\/div><div class=\"elementor-slide-description\">Standard | Business<\/div><\/div><\/div><\/div>\t\t\t\t<\/div>\n\t\t\t\t\t\t\t\t\t\t\t\t\t\t\t<div class=\"elementor-swiper-button elementor-swiper-button-prev\" role=\"button\" tabindex=\"0\" aria-label=\"Vorheriger Slide\">\n\t\t\t\t\t\t\t<svg aria-hidden=\"true\" class=\"e-font-icon-svg e-eicon-chevron-left\" viewBox=\"0 0 1000 1000\" xmlns=\"http:\/\/www.w3.org\/2000\/svg\"><path d=\"M646 125C629 125 613 133 604 142L308 442C296 454 292 471 292 487 292 504 296 521 308 533L604 854C617 867 629 875 646 875 663 875 679 871 692 858 704 846 713 829 713 812 713 796 708 779 692 767L438 487 692 225C700 217 708 204 708 187 708 171 704 154 692 142 675 129 663 125 646 125Z\"><\/path><\/svg>\t\t\t\t\t\t<\/div>\n\t\t\t\t\t\t<div class=\"elementor-swiper-button elementor-swiper-button-next\" role=\"button\" tabindex=\"0\" aria-label=\"N\u00e4chster Slide\">\n\t\t\t\t\t\t\t<svg aria-hidden=\"true\" class=\"e-font-icon-svg e-eicon-chevron-right\" viewBox=\"0 0 1000 1000\" xmlns=\"http:\/\/www.w3.org\/2000\/svg\"><path d=\"M696 533C708 521 713 504 713 487 713 471 708 454 696 446L400 146C388 133 375 125 354 125 338 125 325 129 313 142 300 154 292 171 292 187 292 204 296 221 308 233L563 492 304 771C292 783 288 800 288 817 288 833 296 850 308 863 321 871 338 875 354 875 371 875 388 867 400 854L696 533Z\"><\/path><\/svg>\t\t\t\t\t\t<\/div>\n\t\t\t\t\t\t\t\t\t\t\t\t\t\t\t\t<div class=\"swiper-pagination\"><\/div>\n\t\t\t\t\t\t\t\t\t\t\t\t<\/div>\n\t\t\t\t\t\t\t\t<\/div>\n\t\t\t\t<\/div>\n\t\t\t\t<\/div>\n\t\t<div class=\"elementor-element elementor-element-542cb22 e-con-full e-flex e-con e-child\" data-id=\"542cb22\" data-element_type=\"container\" data-e-type=\"container\">\n\t\t\t\t<div class=\"elementor-element elementor-element-06cb77f elementor-widget elementor-widget-heading\" data-id=\"06cb77f\" data-element_type=\"widget\" data-e-type=\"widget\" data-widget_type=\"heading.default\">\n\t\t\t\t\t<h4 class=\"elementor-heading-title elementor-size-default\">Das Haus<\/h4>\t\t\t\t<\/div>\n\t\t\t\t<div class=\"elementor-element elementor-element-a4fde97 elementor-widget elementor-widget-heading\" data-id=\"a4fde97\" data-element_type=\"widget\" data-e-type=\"widget\" data-widget_type=\"heading.default\">\n\t\t\t\t\t<h2 class=\"elementor-heading-title elementor-size-default\">Ihr Zuhause auf<br><span>Zeit<\/span><\/h2>\t\t\t\t<\/div>\n\t\t<div class=\"elementor-element elementor-element-ad019fa e-con-full e-flex e-con e-child\" data-id=\"ad019fa\" data-element_type=\"container\" data-e-type=\"container\">\n\t\t\t\t<div class=\"elementor-element elementor-element-5b4ad60 elementor-widget elementor-widget-image\" data-id=\"5b4ad60\" data-element_type=\"widget\" data-e-type=\"widget\" data-widget_type=\"image.default\">\n\t\t\t\t\t\t\t\t\t\t\t\t\t\t\t<img decoding=\"async\" width=\"100\" height=\"100\" src=\"https:\/\/apartments-a7.de\/wp-content\/uploads\/2026\/05\/divider-text.svg\" class=\"attachment-full size-full wp-image-222\" alt=\"\" \/>\t\t\t\t\t\t\t\t\t\t\t\t\t\t\t<\/div>\n\t\t\t\t<\/div>\n\t\t\t\t<div class=\"elementor-element elementor-element-e637ad0 elementor-widget elementor-widget-text-editor\" data-id=\"e637ad0\" data-element_type=\"widget\" data-e-type=\"widget\" data-widget_type=\"text-editor.default\">\n\t\t\t\t\t\t\t\t\t<p>Apartments A7 bietet 32 sorgf\u00e4ltig eingerichtete Zimmer und Apartments f\u00fcr kurz- und langfristige Aufenthalte. Jede Einheit verf\u00fcgt \u00fcber eine eigene K\u00fcche oder Kochnische sowie ein separates Bad \u2013 ideal f\u00fcr Gesch\u00e4ftsreisende, Monteure und Familien.<\/p>\t\t\t\t\t\t\t\t<\/div>\n\t\t<div class=\"elementor-element elementor-element-0469d70 e-con-full e-flex e-con e-child\" data-id=\"0469d70\" data-element_type=\"container\" data-e-type=\"container\">\n\t\t<div class=\"elementor-element elementor-element-254f761 e-con-full e-flex e-con e-child\" data-id=\"254f761\" data-element_type=\"container\" data-e-type=\"container\" data-settings=\"{&quot;background_background&quot;:&quot;classic&quot;}\">\n\t\t\t\t<div class=\"elementor-element elementor-element-30e7790 elementor-position-inline-start elementor-view-default elementor-mobile-position-block-start elementor-widget elementor-widget-icon-box\" data-id=\"30e7790\" data-element_type=\"widget\" data-e-type=\"widget\" data-widget_type=\"icon-box.default\">\n\t\t\t\t\t\t\t<div class=\"elementor-icon-box-wrapper\">\n\n\t\t\t\t\t\t<div class=\"elementor-icon-box-icon\">\n\t\t\t\t<span  class=\"elementor-icon\">\n\t\t\t\t<svg aria-hidden=\"true\" class=\"e-font-icon-svg e-fas-parking\" viewBox=\"0 0 448 512\" xmlns=\"http:\/\/www.w3.org\/2000\/svg\"><path d=\"M400 32H48C21.5 32 0 53.5 0 80v352c0 26.5 21.5 48 48 48h352c26.5 0 48-21.5 48-48V80c0-26.5-21.5-48-48-48zM240 320h-48v48c0 8.8-7.2 16-16 16h-32c-8.8 0-16-7.2-16-16V144c0-8.8 7.2-16 16-16h96c52.9 0 96 43.1 96 96s-43.1 96-96 96zm0-128h-48v64h48c17.6 0 32-14.4 32-32s-14.4-32-32-32z\"><\/path><\/svg>\t\t\t\t<\/span>\n\t\t\t<\/div>\n\t\t\t\n\t\t\t\t\t\t<div class=\"elementor-icon-box-content\">\n\n\t\t\t\t\t\t\t\t\t<h3 class=\"elementor-icon-box-title\">\n\t\t\t\t\t\t<span  >\n\t\t\t\t\t\t\tParkplatz\t\t\t\t\t\t<\/span>\n\t\t\t\t\t<\/h3>\n\t\t\t\t\n\t\t\t\t\t\t\t\t\t<p class=\"elementor-icon-box-description\">\n\t\t\t\t\t\tKostenlos, ohne Reservierung\t\t\t\t\t<\/p>\n\t\t\t\t\n\t\t\t<\/div>\n\t\t\t\n\t\t<\/div>\n\t\t\t\t\t\t<\/div>\n\t\t\t\t<\/div>\n\t\t<div class=\"elementor-element elementor-element-88b24cb e-con-full e-flex e-con e-child\" data-id=\"88b24cb\" data-element_type=\"container\" data-e-type=\"container\" data-settings=\"{&quot;background_background&quot;:&quot;classic&quot;}\">\n\t\t\t\t<div class=\"elementor-element elementor-element-208714c elementor-position-inline-start elementor-view-default elementor-mobile-position-block-start elementor-widget elementor-widget-icon-box\" data-id=\"208714c\" data-element_type=\"widget\" data-e-type=\"widget\" data-widget_type=\"icon-box.default\">\n\t\t\t\t\t\t\t<div class=\"elementor-icon-box-wrapper\">\n\n\t\t\t\t\t\t<div class=\"elementor-icon-box-icon\">\n\t\t\t\t<span  class=\"elementor-icon\">\n\t\t\t\t<svg aria-hidden=\"true\" class=\"e-font-icon-svg e-fas-utensils\" viewBox=\"0 0 416 512\" xmlns=\"http:\/\/www.w3.org\/2000\/svg\"><path d=\"M207.9 15.2c.8 4.7 16.1 94.5 16.1 128.8 0 52.3-27.8 89.6-68.9 104.6L168 486.7c.7 13.7-10.2 25.3-24 25.3H80c-13.7 0-24.7-11.5-24-25.3l12.9-238.1C27.7 233.6 0 196.2 0 144 0 109.6 15.3 19.9 16.1 15.2 19.3-5.1 61.4-5.4 64 16.3v141.2c1.3 3.4 15.1 3.2 16 0 1.4-25.3 7.9-139.2 8-141.8 3.3-20.8 44.7-20.8 47.9 0 .2 2.7 6.6 116.5 8 141.8.9 3.2 14.8 3.4 16 0V16.3c2.6-21.6 44.8-21.4 48-1.1zm119.2 285.7l-15 185.1c-1.2 14 9.9 26 23.9 26h56c13.3 0 24-10.7 24-24V24c0-13.2-10.7-24-24-24-82.5 0-221.4 178.5-64.9 300.9z\"><\/path><\/svg>\t\t\t\t<\/span>\n\t\t\t<\/div>\n\t\t\t\n\t\t\t\t\t\t<div class=\"elementor-icon-box-content\">\n\n\t\t\t\t\t\t\t\t\t<h3 class=\"elementor-icon-box-title\">\n\t\t\t\t\t\t<span  >\n\t\t\t\t\t\t\tK\u00fcche \/ Kochnische\t\t\t\t\t\t<\/span>\n\t\t\t\t\t<\/h3>\n\t\t\t\t\n\t\t\t\t\t\t\t\t\t<p class=\"elementor-icon-box-description\">\n\t\t\t\t\t\tIn jeder Einheit vorhanden\t\t\t\t\t<\/p>\n\t\t\t\t\n\t\t\t<\/div>\n\t\t\t\n\t\t<\/div>\n\t\t\t\t\t\t<\/div>\n\t\t\t\t<\/div>\n\t\t<div class=\"elementor-element elementor-element-5675a7c e-con-full e-flex e-con e-child\" data-id=\"5675a7c\" data-element_type=\"container\" data-e-type=\"container\" data-settings=\"{&quot;background_background&quot;:&quot;classic&quot;}\">\n\t\t\t\t<div class=\"elementor-element elementor-element-fe25583 elementor-position-inline-start elementor-view-default elementor-mobile-position-block-start elementor-widget elementor-widget-icon-box\" data-id=\"fe25583\" data-element_type=\"widget\" data-e-type=\"widget\" data-widget_type=\"icon-box.default\">\n\t\t\t\t\t\t\t<div class=\"elementor-icon-box-wrapper\">\n\n\t\t\t\t\t\t<div class=\"elementor-icon-box-icon\">\n\t\t\t\t<span  class=\"elementor-icon\">\n\t\t\t\t<svg aria-hidden=\"true\" class=\"e-font-icon-svg e-fas-wifi\" viewBox=\"0 0 640 512\" xmlns=\"http:\/\/www.w3.org\/2000\/svg\"><path d=\"M634.91 154.88C457.74-8.99 182.19-8.93 5.09 154.88c-6.66 6.16-6.79 16.59-.35 22.98l34.24 33.97c6.14 6.1 16.02 6.23 22.4.38 145.92-133.68 371.3-133.71 517.25 0 6.38 5.85 16.26 5.71 22.4-.38l34.24-33.97c6.43-6.39 6.3-16.82-.36-22.98zM320 352c-35.35 0-64 28.65-64 64s28.65 64 64 64 64-28.65 64-64-28.65-64-64-64zm202.67-83.59c-115.26-101.93-290.21-101.82-405.34 0-6.9 6.1-7.12 16.69-.57 23.15l34.44 33.99c6 5.92 15.66 6.32 22.05.8 83.95-72.57 209.74-72.41 293.49 0 6.39 5.52 16.05 5.13 22.05-.8l34.44-33.99c6.56-6.46 6.33-17.06-.56-23.15z\"><\/path><\/svg>\t\t\t\t<\/span>\n\t\t\t<\/div>\n\t\t\t\n\t\t\t\t\t\t<div class=\"elementor-icon-box-content\">\n\n\t\t\t\t\t\t\t\t\t<h3 class=\"elementor-icon-box-title\">\n\t\t\t\t\t\t<span  >\n\t\t\t\t\t\t\tWLAN\t\t\t\t\t\t<\/span>\n\t\t\t\t\t<\/h3>\n\t\t\t\t\n\t\t\t\t\t\t\t\t\t<p class=\"elementor-icon-box-description\">\n\t\t\t\t\t\tKostenfrei im ganzen Haus\t\t\t\t\t<\/p>\n\t\t\t\t\n\t\t\t<\/div>\n\t\t\t\n\t\t<\/div>\n\t\t\t\t\t\t<\/div>\n\t\t\t\t<\/div>\n\t\t<div class=\"elementor-element elementor-element-914ee9d e-con-full e-flex e-con e-child\" data-id=\"914ee9d\" data-element_type=\"container\" data-e-type=\"container\" data-settings=\"{&quot;background_background&quot;:&quot;classic&quot;}\">\n\t\t\t\t<div class=\"elementor-element elementor-element-b7a85c7 elementor-position-inline-start elementor-view-default elementor-mobile-position-block-start elementor-widget elementor-widget-icon-box\" data-id=\"b7a85c7\" data-element_type=\"widget\" data-e-type=\"widget\" data-widget_type=\"icon-box.default\">\n\t\t\t\t\t\t\t<div class=\"elementor-icon-box-wrapper\">\n\n\t\t\t\t\t\t<div class=\"elementor-icon-box-icon\">\n\t\t\t\t<span  class=\"elementor-icon\">\n\t\t\t\t<svg aria-hidden=\"true\" class=\"e-font-icon-svg e-fas-key\" viewBox=\"0 0 512 512\" xmlns=\"http:\/\/www.w3.org\/2000\/svg\"><path d=\"M512 176.001C512 273.203 433.202 352 336 352c-11.22 0-22.19-1.062-32.827-3.069l-24.012 27.014A23.999 23.999 0 0 1 261.223 384H224v40c0 13.255-10.745 24-24 24h-40v40c0 13.255-10.745 24-24 24H24c-13.255 0-24-10.745-24-24v-78.059c0-6.365 2.529-12.47 7.029-16.971l161.802-161.802C163.108 213.814 160 195.271 160 176 160 78.798 238.797.001 335.999 0 433.488-.001 512 78.511 512 176.001zM336 128c0 26.51 21.49 48 48 48s48-21.49 48-48-21.49-48-48-48-48 21.49-48 48z\"><\/path><\/svg>\t\t\t\t<\/span>\n\t\t\t<\/div>\n\t\t\t\n\t\t\t\t\t\t<div class=\"elementor-icon-box-content\">\n\n\t\t\t\t\t\t\t\t\t<h3 class=\"elementor-icon-box-title\">\n\t\t\t\t\t\t<span  >\n\t\t\t\t\t\t\t24h Check-In\t\t\t\t\t\t<\/span>\n\t\t\t\t\t<\/h3>\n\t\t\t\t\n\t\t\t\t\t\t\t\t\t<p class=\"elementor-icon-box-description\">\n\t\t\t\t\t\tFlexibler Zugang\t\t\t\t\t<\/p>\n\t\t\t\t\n\t\t\t<\/div>\n\t\t\t\n\t\t<\/div>\n\t\t\t\t\t\t<\/div>\n\t\t\t\t<\/div>\n\t\t\t\t<\/div>\n\t\t\t\t<\/div>\n\t\t\t\t\t<\/div>\n\t\t\t\t<\/div>\n\t\t\t\t<\/div>\n\t\t\t\t<\/div>\n\t\t","protected":false},"excerpt":{"rendered":"<p>Verf\u00fcgbarkeit pr\u00fcfen Viato Buchungssystem Anreise Abreise Personen 1 Person2 Personen3 Personen4 Personen Zimmertyp Alle KategorienEinzelzimmer StandardDoppelzimmer StandardEinzelzimmer BusinessDoppelzimmer BusinessDeluxe DoppelzimmerMehrzimmer-Apartments Verf\u00fcgbarkeit pr\u00fcfen Kostenlose Stornierung Bestpreisgarantie EinzelzimmerStandard | BusinessDoppelzimmerStandard | BusinessDeluxe DoppelzimmerStandard | Business Das Haus Ihr Zuhause aufZeit Apartments A7 bietet 32 sorgf\u00e4ltig eingerichtete Zimmer und Apartments f\u00fcr kurz- und langfristige Aufenthalte. Jede Einheit verf\u00fcgt [&hellip;]<\/p>\n","protected":false},"author":1,"featured_media":0,"parent":0,"menu_order":0,"comment_status":"closed","ping_status":"closed","template":"","meta":{"_angie_page":false,"footnotes":""},"class_list":["post-37","page","type-page","status-publish","hentry"],"_links":{"self":[{"href":"https:\/\/apartments-a7.de\/index.php?rest_route=\/wp\/v2\/pages\/37","targetHints":{"allow":["GET"]}}],"collection":[{"href":"https:\/\/apartments-a7.de\/index.php?rest_route=\/wp\/v2\/pages"}],"about":[{"href":"https:\/\/apartments-a7.de\/index.php?rest_route=\/wp\/v2\/types\/page"}],"author":[{"embeddable":true,"href":"https:\/\/apartments-a7.de\/index.php?rest_route=\/wp\/v2\/users\/1"}],"replies":[{"embeddable":true,"href":"https:\/\/apartments-a7.de\/index.php?rest_route=%2Fwp%2Fv2%2Fcomments&post=37"}],"version-history":[{"count":29,"href":"https:\/\/apartments-a7.de\/index.php?rest_route=\/wp\/v2\/pages\/37\/revisions"}],"predecessor-version":[{"id":230,"href":"https:\/\/apartments-a7.de\/index.php?rest_route=\/wp\/v2\/pages\/37\/revisions\/230"}],"wp:attachment":[{"href":"https:\/\/apartments-a7.de\/index.php?rest_route=%2Fwp%2Fv2%2Fmedia&parent=37"}],"curies":[{"name":"wp","href":"https:\/\/api.w.org\/{rel}","templated":true}]}}